{"id":25,"date":"2014-03-12T10:27:36","date_gmt":"2014-03-12T08:27:36","guid":{"rendered":"https:\/\/neurozentrum.co.at\/?page_id=25"},"modified":"2020-11-10T09:40:31","modified_gmt":"2020-11-10T07:40:31","slug":"impressum","status":"publish","type":"page","link":"https:\/\/neurozentrum.co.at\/?page_id=25","title":{"rendered":"Impressum"},"content":{"rendered":"<div style=\"text-align: center;\">\n<p>Fachrichtung<\/p>\n<\/div>\n<div style=\"text-align: center;\">\n<h2>\u00a0\u00a0Neurologie\u00a0und Psychiatrie<br \/>\nDr. Franz Grie\u00dfmayer<\/h2>\n<\/div>\n<div style=\"text-align: center;\">Adresse<\/div>\n<div style=\"text-align: center;\">Bahngasse 33a<\/p>\n<h3>2700 Wiener Neustadt<\/h3>\n<\/div>\n<div style=\"text-align: center;\">Telefon:<\/div>\n<p style=\"text-align: center;\">\u00a0Tel: 02622\/23069<\/p>\n<p style=\"text-align: center;\"><span style=\"font-size: 10pt;\">F\u00fcr den Inhalt dieser Webseite verantwortlich: Dr. Franz Grie\u00dfmayer<\/span><br \/>\n<span style=\"font-size: 10pt;\">Alle verwendeten Bilder sind Eigentum von Dr. Franz Grie\u00dfmayer und d\u00fcrfen nur<\/span><br \/>\n<span style=\"font-size: 10pt;\">nach ausdr\u00fccklicher Erlaubnis kopiert oder weiterverwendet werden.<\/span><\/p>\n<p style=\"text-align: center;\">Stand: Januar 2020<\/p>\n<p style=\"text-align: center;\">\n","protected":false},"excerpt":{"rendered":"<p>Fachrichtung \u00a0\u00a0Neurologie\u00a0und Psychiatrie Dr. Franz Grie\u00dfmayer Adresse Bahngasse 33a 2700 Wiener Neustadt Telefon: \u00a0Tel: 02622\/23069 F\u00fcr den Inhalt dieser Webseite verantwortlich: Dr. Franz Grie\u00dfmayer Alle verwendeten Bilder sind Eigentum von Dr. Franz Grie\u00dfmayer und d\u00fcrfen nur nach ausdr\u00fccklicher Erlaubnis kopiert oder weiterverwendet werden. Stand: Januar 2020<\/p>\n","protected":false},"author":1,"featured_media":0,"parent":0,"menu_order":10,"comment_status":"closed","ping_status":"closed","template":"","meta":{"footnotes":""},"class_list":["post-25","page","type-page","status-publish","hentry"],"yoast_head":"<!-- This site is optimized with the Yoast SEO plugin v26.8 - https:\/\/yoast.com\/product\/yoast-seo-wordpress\/ -->\n<title>Impressum - Neurozentrum Wiener Neustadt<\/title>\n<meta name=\"robots\" content=\"index, follow, max-snippet:-1, max-image-preview:large, max-video-preview:-1\" \/>\n<link rel=\"canonical\" href=\"https:\/\/neurozentrum.co.at\/?page_id=25\" \/>\n<meta property=\"og:locale\" content=\"de_DE\" \/>\n<meta property=\"og:type\" content=\"article\" \/>\n<meta property=\"og:title\" content=\"Impressum - Neurozentrum Wiener Neustadt\" \/>\n<meta property=\"og:description\" content=\"Fachrichtung \u00a0\u00a0Neurologie\u00a0und Psychiatrie Dr. Franz Grie\u00dfmayer Adresse Bahngasse 33a 2700 Wiener Neustadt Telefon: \u00a0Tel: 02622\/23069 F\u00fcr den Inhalt dieser Webseite verantwortlich: Dr. Franz Grie\u00dfmayer Alle verwendeten Bilder sind Eigentum von Dr. Franz Grie\u00dfmayer und d\u00fcrfen nur nach ausdr\u00fccklicher Erlaubnis kopiert oder weiterverwendet werden. Stand: Januar 2020\" \/>\n<meta property=\"og:url\" content=\"https:\/\/neurozentrum.co.at\/?page_id=25\" \/>\n<meta property=\"og:site_name\" content=\"Neurozentrum Wiener Neustadt\" \/>\n<meta property=\"article:modified_time\" content=\"2020-11-10T07:40:31+00:00\" \/>\n<meta name=\"twitter:card\" content=\"summary_large_image\" \/>\n<script type=\"application\/ld+json\" class=\"yoast-schema-graph\">{\"@context\":\"https:\/\/schema.org\",\"@graph\":[{\"@type\":\"WebPage\",\"@id\":\"https:\/\/neurozentrum.co.at\/?page_id=25\",\"url\":\"https:\/\/neurozentrum.co.at\/?page_id=25\",\"name\":\"Impressum - Neurozentrum Wiener Neustadt\",\"isPartOf\":{\"@id\":\"https:\/\/neurozentrum.co.at\/#website\"},\"datePublished\":\"2014-03-12T08:27:36+00:00\",\"dateModified\":\"2020-11-10T07:40:31+00:00\",\"breadcrumb\":{\"@id\":\"https:\/\/neurozentrum.co.at\/?page_id=25#breadcrumb\"},\"inLanguage\":\"de\",\"potentialAction\":[{\"@type\":\"ReadAction\",\"target\":[\"https:\/\/neurozentrum.co.at\/?page_id=25\"]}]},{\"@type\":\"BreadcrumbList\",\"@id\":\"https:\/\/neurozentrum.co.at\/?page_id=25#breadcrumb\",\"itemListElement\":[{\"@type\":\"ListItem\",\"position\":1,\"name\":\"Startseite\",\"item\":\"https:\/\/neurozentrum.co.at\/\"},{\"@type\":\"ListItem\",\"position\":2,\"name\":\"Impressum\"}]},{\"@type\":\"WebSite\",\"@id\":\"https:\/\/neurozentrum.co.at\/#website\",\"url\":\"https:\/\/neurozentrum.co.at\/\",\"name\":\"Neurozentrum Wiener Neustadt\",\"description\":\"Dr. Franz Grie\u00dfmayer\",\"potentialAction\":[{\"@type\":\"SearchAction\",\"target\":{\"@type\":\"EntryPoint\",\"urlTemplate\":\"https:\/\/neurozentrum.co.at\/?s={search_term_string}\"},\"query-input\":{\"@type\":\"PropertyValueSpecification\",\"valueRequired\":true,\"valueName\":\"search_term_string\"}}],\"inLanguage\":\"de\"}]}<\/script>\n<!-- \/ Yoast SEO plugin. -->","yoast_head_json":{"title":"Impressum - Neurozentrum Wiener Neustadt","robots":{"index":"index","follow":"follow","max-snippet":"max-snippet:-1","max-image-preview":"max-image-preview:large","max-video-preview":"max-video-preview:-1"},"canonical":"https:\/\/neurozentrum.co.at\/?page_id=25","og_locale":"de_DE","og_type":"article","og_title":"Impressum - Neurozentrum Wiener Neustadt","og_description":"Fachrichtung \u00a0\u00a0Neurologie\u00a0und Psychiatrie Dr. Franz Grie\u00dfmayer Adresse Bahngasse 33a 2700 Wiener Neustadt Telefon: \u00a0Tel: 02622\/23069 F\u00fcr den Inhalt dieser Webseite verantwortlich: Dr. Franz Grie\u00dfmayer Alle verwendeten Bilder sind Eigentum von Dr. Franz Grie\u00dfmayer und d\u00fcrfen nur nach ausdr\u00fccklicher Erlaubnis kopiert oder weiterverwendet werden. Stand: Januar 2020","og_url":"https:\/\/neurozentrum.co.at\/?page_id=25","og_site_name":"Neurozentrum Wiener Neustadt","article_modified_time":"2020-11-10T07:40:31+00:00","twitter_card":"summary_large_image","schema":{"@context":"https:\/\/schema.org","@graph":[{"@type":"WebPage","@id":"https:\/\/neurozentrum.co.at\/?page_id=25","url":"https:\/\/neurozentrum.co.at\/?page_id=25","name":"Impressum - Neurozentrum Wiener Neustadt","isPartOf":{"@id":"https:\/\/neurozentrum.co.at\/#website"},"datePublished":"2014-03-12T08:27:36+00:00","dateModified":"2020-11-10T07:40:31+00:00","breadcrumb":{"@id":"https:\/\/neurozentrum.co.at\/?page_id=25#breadcrumb"},"inLanguage":"de","potentialAction":[{"@type":"ReadAction","target":["https:\/\/neurozentrum.co.at\/?page_id=25"]}]},{"@type":"BreadcrumbList","@id":"https:\/\/neurozentrum.co.at\/?page_id=25#breadcrumb","itemListElement":[{"@type":"ListItem","position":1,"name":"Startseite","item":"https:\/\/neurozentrum.co.at\/"},{"@type":"ListItem","position":2,"name":"Impressum"}]},{"@type":"WebSite","@id":"https:\/\/neurozentrum.co.at\/#website","url":"https:\/\/neurozentrum.co.at\/","name":"Neurozentrum Wiener Neustadt","description":"Dr. Franz Grie\u00dfmayer","potentialAction":[{"@type":"SearchAction","target":{"@type":"EntryPoint","urlTemplate":"https:\/\/neurozentrum.co.at\/?s={search_term_string}"},"query-input":{"@type":"PropertyValueSpecification","valueRequired":true,"valueName":"search_term_string"}}],"inLanguage":"de"}]}},"_links":{"self":[{"href":"https:\/\/neurozentrum.co.at\/index.php?rest_route=\/wp\/v2\/pages\/25","targetHints":{"allow":["GET"]}}],"collection":[{"href":"https:\/\/neurozentrum.co.at\/index.php?rest_route=\/wp\/v2\/pages"}],"about":[{"href":"https:\/\/neurozentrum.co.at\/index.php?rest_route=\/wp\/v2\/types\/page"}],"author":[{"embeddable":true,"href":"https:\/\/neurozentrum.co.at\/index.php?rest_route=\/wp\/v2\/users\/1"}],"replies":[{"embeddable":true,"href":"https:\/\/neurozentrum.co.at\/index.php?rest_route=%2Fwp%2Fv2%2Fcomments&post=25"}],"version-history":[{"count":0,"href":"https:\/\/neurozentrum.co.at\/index.php?rest_route=\/wp\/v2\/pages\/25\/revisions"}],"wp:attachment":[{"href":"https:\/\/neurozentrum.co.at\/index.php?rest_route=%2Fwp%2Fv2%2Fmedia&parent=25"}],"curies":[{"name":"wp","href":"https:\/\/api.w.org\/{rel}","templated":true}]}}