{"id":362,"date":"2015-03-04T14:06:53","date_gmt":"2015-03-04T12:06:53","guid":{"rendered":"https:\/\/neurozentrum.co.at\/?page_id=362"},"modified":"2015-03-28T13:39:24","modified_gmt":"2015-03-28T11:39:24","slug":"physiotherapie","status":"publish","type":"page","link":"https:\/\/neurozentrum.co.at\/?page_id=362","title":{"rendered":"Ergotherapie"},"content":{"rendered":"<p>&nbsp;<\/p>\n<table style=\"height: 1344px;\" border=\"0\" width=\"809\">\n<tbody>\n<tr>\n<td style=\"width: 400px;\"><strong>Ergotherapie<br \/>\n<\/strong>Die gr\u00f6\u00dftm\u00f6gliche Selbst\u00e4ndigkeit und Lebensqualit\u00e4t des Menschen steht im Mittelpunkt der ergotherapeutischen Behandlung. Diese zu erhalten bzw. wieder zu erlangen ist das Ziel der Ergotherapie, um die pers\u00f6nlich wichtigen Bereiche des t\u00e4glichen Lebens zufriedenstellend bew\u00e4ltigen zu k\u00f6nnen. Ergotherapie kann bei Menschen in jedem Alter zum Einsatz kommen und wird individuell an die Bed\u00fcrfnisse des Betroffenen angepasst, um gr\u00f6\u00dftm\u00f6gliche Selbst\u00e4ndigkeit im Alltag und soziale und berufliche Wiedereingliederung zu erm\u00f6glichen.<\/p>\n<p><strong>Neurologie<br \/>\n<\/strong>Bei einer neurologischen Erkrankung ver\u00e4ndert sich das Leben und damit auch die Selbst\u00e4ndigkeit gravierend. Aber nicht nur der Betroffene selbst, sondern auch seine Angeh\u00f6rigen ben\u00f6tigen oft Hilfe und Unterst\u00fctzung.<\/p>\n<p><strong>Handtherapie<br \/>\n<\/strong>Das Zusammenspiel der einzelnen Finger und die Bedeutung der Hand sind f\u00fcr den Alltag von unsch\u00e4tzbarem Wert. Umso wichtiger ist es, diese Funktion so gut als m\u00f6glich nach Verletzungen wieder zu erlangen. Durch gezielte Therapie\u00fcbungen werden diese Funktionen und der Heilungsprozess nachhaltig verbessert.<\/p>\n<p><strong>Geriatrie<br \/>\n<\/strong>Im Alter m\u00f6chte man gerne gesund und r\u00fcstig bleiben, doch manche F\u00e4higkeiten gehen verloren und das selbst\u00e4ndige Leben wird dadurch erschwert.Unter Ber\u00fccksichtigung der pers\u00f6nlichen Biografie versuche ich die k\u00f6rperlichen, geistigen und sozialen F\u00e4higkeiten meiner \u00e4lteren Betroffenen zu bewahren.<a href=\"https:\/\/neurozentrum.co.at\/wp-content\/uploads\/2015\/03\/physio_port-Klein.jpg\"><img loading=\"lazy\" decoding=\"async\" class=\"aligncenter  wp-image-366\" src=\"https:\/\/neurozentrum.co.at\/wp-content\/uploads\/2015\/03\/physio_port-Klein-225x300.jpg\" alt=\"physio_port (Klein)\" width=\"187\" height=\"249\" \/><\/a><\/td>\n<td style=\"width: 400px;\"><strong>Verordnung<br \/>\n<\/strong>Ergotherapie erfolgt grunds\u00e4tzlich nur nach \u00e4rztlicher Verordnung und wird von Ergotherapeuten eigenverantwortlich durchgef\u00fchrt. Nach genauer Abkl\u00e4rung und in Absprache bestimmen Therapeut und Patient gemeinsam die Behandlungsziele. Das Angebot,\u00a0Angeh\u00f6rige mit einzubeziehen, ist grunds\u00e4tzlich gegeben und wird individuell abgesprochen. Wenn Sie einen Zuschuss der Krankenkasse einfordern wollen, ist es daf\u00fcr notwendig, die fach\u00e4rztliche Verordnung <strong><span style=\"text-decoration: underline;\">vor<\/span><\/strong> Therapiebeginn bei Ihrer Krankenkasse bewilligen zu lassen.&nbsp;<\/p>\n<p><strong>Abrechnung<br \/>\n<\/strong>Sie erhalten von mir Rechnungen \u00fcber die geleisteten Zahlungen. Diese k\u00f6nnen Sie nach Inanspruchnahme der Therapien bei Ihrer Krankenkasse gemeinsam mit dem Verordnungsschein einreichen.Um genau zu erfahren, wie viel Sie r\u00fcckerstattet bekommen, empfehle ich Ihnen, sich vorher bei Ihrer Krankenkasse \u00fcber den aktuellen Tarif zu erkundigen.<\/p>\n<p><strong>Vorgehensweise<\/strong><\/p>\n<ul>\n<li>\u00c4rztliche Verordnung vom Facharzt<\/li>\n<li>Termine nach telefonischer Vereinbarung<\/li>\n<li>Bewilligung durch die Krankenkasse<\/li>\n<li>Behandlungen<\/li>\n<li>Einreichen um Kostenr\u00fcckerstattung der Krankenkasse laut Tarif<\/li>\n<\/ul>\n<p><strong>Terminvereinbarung<\/strong><\/p>\n<p>Termine werden nur nach telefonischer Vereinbarung vergeben.<\/p>\n<p>Sie erreichen mich unter 0650\/2288244<\/p>\n<p><strong>Kontakt<br \/>\n<\/strong>Eva Wilhelm<br \/>\n0650\/2288244<br \/>\n<a href=\"mailto:eva_wilhelm@gmx.net\">eva_wilhelm@gmx.net<br \/>\n<\/a>Hausbesuche:<br \/>\nim Gro\u00dfraum M\u00f6dling<\/p>\n<p>&nbsp;<\/p>\n<p>&nbsp;<\/p>\n<p>&nbsp;<\/p>\n<p>&nbsp;<\/p>\n<p>&nbsp;<\/p>\n<p>&nbsp;<\/td>\n<\/tr>\n<\/tbody>\n<\/table>\n<p>&nbsp;<\/p>\n","protected":false},"excerpt":{"rendered":"<p>&nbsp; Ergotherapie Die gr\u00f6\u00dftm\u00f6gliche Selbst\u00e4ndigkeit und Lebensqualit\u00e4t des Menschen steht im Mittelpunkt der ergotherapeutischen Behandlung. Diese zu erhalten bzw. wieder zu erlangen ist das Ziel der Ergotherapie, um die pers\u00f6nlich wichtigen Bereiche des t\u00e4glichen Lebens zufriedenstellend bew\u00e4ltigen zu k\u00f6nnen. Ergotherapie kann bei Menschen in jedem Alter zum Einsatz kommen und wird individuell an die Bed\u00fcrfnisse [&hellip;]<\/p>\n","protected":false},"author":2,"featured_media":0,"parent":30,"menu_order":4,"comment_status":"closed","ping_status":"closed","template":"","meta":{"footnotes":""},"class_list":["post-362","page","type-page","status-publish","hentry"],"yoast_head":"<!-- This site is optimized with the Yoast SEO plugin v26.8 - https:\/\/yoast.com\/product\/yoast-seo-wordpress\/ -->\n<title>Ergotherapie - Neurozentrum Wiener Neustadt<\/title>\n<meta name=\"robots\" content=\"index, follow, max-snippet:-1, max-image-preview:large, max-video-preview:-1\" \/>\n<link rel=\"canonical\" href=\"https:\/\/neurozentrum.co.at\/?page_id=362\" \/>\n<meta property=\"og:locale\" content=\"de_DE\" \/>\n<meta property=\"og:type\" content=\"article\" \/>\n<meta property=\"og:title\" content=\"Ergotherapie - Neurozentrum Wiener Neustadt\" \/>\n<meta property=\"og:description\" content=\"&nbsp; Ergotherapie Die gr\u00f6\u00dftm\u00f6gliche Selbst\u00e4ndigkeit und Lebensqualit\u00e4t des Menschen steht im Mittelpunkt der ergotherapeutischen Behandlung. Diese zu erhalten bzw. wieder zu erlangen ist das Ziel der Ergotherapie, um die pers\u00f6nlich wichtigen Bereiche des t\u00e4glichen Lebens zufriedenstellend bew\u00e4ltigen zu k\u00f6nnen. Ergotherapie kann bei Menschen in jedem Alter zum Einsatz kommen und wird individuell an die Bed\u00fcrfnisse [&hellip;]\" \/>\n<meta property=\"og:url\" content=\"https:\/\/neurozentrum.co.at\/?page_id=362\" \/>\n<meta property=\"og:site_name\" content=\"Neurozentrum Wiener Neustadt\" \/>\n<meta property=\"article:modified_time\" content=\"2015-03-28T11:39:24+00:00\" \/>\n<meta property=\"og:image\" content=\"https:\/\/neurozentrum.co.at\/wp-content\/uploads\/2015\/03\/physio_port-Klein-225x300.jpg\" \/>\n<meta name=\"twitter:card\" content=\"summary_large_image\" \/>\n<meta name=\"twitter:label1\" content=\"Gesch\u00e4tzte Lesezeit\" \/>\n\t<meta name=\"twitter:data1\" content=\"2\u00a0Minuten\" \/>\n<script type=\"application\/ld+json\" class=\"yoast-schema-graph\">{\"@context\":\"https:\/\/schema.org\",\"@graph\":[{\"@type\":\"WebPage\",\"@id\":\"https:\/\/neurozentrum.co.at\/?page_id=362\",\"url\":\"https:\/\/neurozentrum.co.at\/?page_id=362\",\"name\":\"Ergotherapie - Neurozentrum Wiener Neustadt\",\"isPartOf\":{\"@id\":\"https:\/\/neurozentrum.co.at\/#website\"},\"primaryImageOfPage\":{\"@id\":\"https:\/\/neurozentrum.co.at\/?page_id=362#primaryimage\"},\"image\":{\"@id\":\"https:\/\/neurozentrum.co.at\/?page_id=362#primaryimage\"},\"thumbnailUrl\":\"https:\/\/neurozentrum.co.at\/wp-content\/uploads\/2015\/03\/physio_port-Klein-225x300.jpg\",\"datePublished\":\"2015-03-04T12:06:53+00:00\",\"dateModified\":\"2015-03-28T11:39:24+00:00\",\"breadcrumb\":{\"@id\":\"https:\/\/neurozentrum.co.at\/?page_id=362#breadcrumb\"},\"inLanguage\":\"de\",\"potentialAction\":[{\"@type\":\"ReadAction\",\"target\":[\"https:\/\/neurozentrum.co.at\/?page_id=362\"]}]},{\"@type\":\"ImageObject\",\"inLanguage\":\"de\",\"@id\":\"https:\/\/neurozentrum.co.at\/?page_id=362#primaryimage\",\"url\":\"https:\/\/neurozentrum.co.at\/wp-content\/uploads\/2015\/03\/physio_port-Klein-225x300.jpg\",\"contentUrl\":\"https:\/\/neurozentrum.co.at\/wp-content\/uploads\/2015\/03\/physio_port-Klein-225x300.jpg\"},{\"@type\":\"BreadcrumbList\",\"@id\":\"https:\/\/neurozentrum.co.at\/?page_id=362#breadcrumb\",\"itemListElement\":[{\"@type\":\"ListItem\",\"position\":1,\"name\":\"Startseite\",\"item\":\"https:\/\/neurozentrum.co.at\/\"},{\"@type\":\"ListItem\",\"position\":2,\"name\":\"Leistungen\",\"item\":\"https:\/\/neurozentrum.co.at\/?page_id=30\"},{\"@type\":\"ListItem\",\"position\":3,\"name\":\"Ergotherapie\"}]},{\"@type\":\"WebSite\",\"@id\":\"https:\/\/neurozentrum.co.at\/#website\",\"url\":\"https:\/\/neurozentrum.co.at\/\",\"name\":\"Neurozentrum Wiener Neustadt\",\"description\":\"Dr. Franz Grie\u00dfmayer\",\"potentialAction\":[{\"@type\":\"SearchAction\",\"target\":{\"@type\":\"EntryPoint\",\"urlTemplate\":\"https:\/\/neurozentrum.co.at\/?s={search_term_string}\"},\"query-input\":{\"@type\":\"PropertyValueSpecification\",\"valueRequired\":true,\"valueName\":\"search_term_string\"}}],\"inLanguage\":\"de\"}]}<\/script>\n<!-- \/ Yoast SEO plugin. -->","yoast_head_json":{"title":"Ergotherapie - Neurozentrum Wiener Neustadt","robots":{"index":"index","follow":"follow","max-snippet":"max-snippet:-1","max-image-preview":"max-image-preview:large","max-video-preview":"max-video-preview:-1"},"canonical":"https:\/\/neurozentrum.co.at\/?page_id=362","og_locale":"de_DE","og_type":"article","og_title":"Ergotherapie - Neurozentrum Wiener Neustadt","og_description":"&nbsp; Ergotherapie Die gr\u00f6\u00dftm\u00f6gliche Selbst\u00e4ndigkeit und Lebensqualit\u00e4t des Menschen steht im Mittelpunkt der ergotherapeutischen Behandlung. Diese zu erhalten bzw. wieder zu erlangen ist das Ziel der Ergotherapie, um die pers\u00f6nlich wichtigen Bereiche des t\u00e4glichen Lebens zufriedenstellend bew\u00e4ltigen zu k\u00f6nnen. Ergotherapie kann bei Menschen in jedem Alter zum Einsatz kommen und wird individuell an die Bed\u00fcrfnisse [&hellip;]","og_url":"https:\/\/neurozentrum.co.at\/?page_id=362","og_site_name":"Neurozentrum Wiener Neustadt","article_modified_time":"2015-03-28T11:39:24+00:00","og_image":[{"url":"https:\/\/neurozentrum.co.at\/wp-content\/uploads\/2015\/03\/physio_port-Klein-225x300.jpg","type":"","width":"","height":""}],"twitter_card":"summary_large_image","twitter_misc":{"Gesch\u00e4tzte Lesezeit":"2\u00a0Minuten"},"schema":{"@context":"https:\/\/schema.org","@graph":[{"@type":"WebPage","@id":"https:\/\/neurozentrum.co.at\/?page_id=362","url":"https:\/\/neurozentrum.co.at\/?page_id=362","name":"Ergotherapie - Neurozentrum Wiener Neustadt","isPartOf":{"@id":"https:\/\/neurozentrum.co.at\/#website"},"primaryImageOfPage":{"@id":"https:\/\/neurozentrum.co.at\/?page_id=362#primaryimage"},"image":{"@id":"https:\/\/neurozentrum.co.at\/?page_id=362#primaryimage"},"thumbnailUrl":"https:\/\/neurozentrum.co.at\/wp-content\/uploads\/2015\/03\/physio_port-Klein-225x300.jpg","datePublished":"2015-03-04T12:06:53+00:00","dateModified":"2015-03-28T11:39:24+00:00","breadcrumb":{"@id":"https:\/\/neurozentrum.co.at\/?page_id=362#breadcrumb"},"inLanguage":"de","potentialAction":[{"@type":"ReadAction","target":["https:\/\/neurozentrum.co.at\/?page_id=362"]}]},{"@type":"ImageObject","inLanguage":"de","@id":"https:\/\/neurozentrum.co.at\/?page_id=362#primaryimage","url":"https:\/\/neurozentrum.co.at\/wp-content\/uploads\/2015\/03\/physio_port-Klein-225x300.jpg","contentUrl":"https:\/\/neurozentrum.co.at\/wp-content\/uploads\/2015\/03\/physio_port-Klein-225x300.jpg"},{"@type":"BreadcrumbList","@id":"https:\/\/neurozentrum.co.at\/?page_id=362#breadcrumb","itemListElement":[{"@type":"ListItem","position":1,"name":"Startseite","item":"https:\/\/neurozentrum.co.at\/"},{"@type":"ListItem","position":2,"name":"Leistungen","item":"https:\/\/neurozentrum.co.at\/?page_id=30"},{"@type":"ListItem","position":3,"name":"Ergotherapie"}]},{"@type":"WebSite","@id":"https:\/\/neurozentrum.co.at\/#website","url":"https:\/\/neurozentrum.co.at\/","name":"Neurozentrum Wiener Neustadt","description":"Dr. Franz Grie\u00dfmayer","potentialAction":[{"@type":"SearchAction","target":{"@type":"EntryPoint","urlTemplate":"https:\/\/neurozentrum.co.at\/?s={search_term_string}"},"query-input":{"@type":"PropertyValueSpecification","valueRequired":true,"valueName":"search_term_string"}}],"inLanguage":"de"}]}},"_links":{"self":[{"href":"https:\/\/neurozentrum.co.at\/index.php?rest_route=\/wp\/v2\/pages\/362","targetHints":{"allow":["GET"]}}],"collection":[{"href":"https:\/\/neurozentrum.co.at\/index.php?rest_route=\/wp\/v2\/pages"}],"about":[{"href":"https:\/\/neurozentrum.co.at\/index.php?rest_route=\/wp\/v2\/types\/page"}],"author":[{"embeddable":true,"href":"https:\/\/neurozentrum.co.at\/index.php?rest_route=\/wp\/v2\/users\/2"}],"replies":[{"embeddable":true,"href":"https:\/\/neurozentrum.co.at\/index.php?rest_route=%2Fwp%2Fv2%2Fcomments&post=362"}],"version-history":[{"count":0,"href":"https:\/\/neurozentrum.co.at\/index.php?rest_route=\/wp\/v2\/pages\/362\/revisions"}],"up":[{"embeddable":true,"href":"https:\/\/neurozentrum.co.at\/index.php?rest_route=\/wp\/v2\/pages\/30"}],"wp:attachment":[{"href":"https:\/\/neurozentrum.co.at\/index.php?rest_route=%2Fwp%2Fv2%2Fmedia&parent=362"}],"curies":[{"name":"wp","href":"https:\/\/api.w.org\/{rel}","templated":true}]}}