{"id":368,"date":"2015-03-04T14:13:08","date_gmt":"2015-03-04T12:13:08","guid":{"rendered":"https:\/\/neurozentrum.co.at\/?page_id=368"},"modified":"2015-03-05T08:52:08","modified_gmt":"2015-03-05T06:52:08","slug":"psychotherapie","status":"publish","type":"page","link":"https:\/\/neurozentrum.co.at\/?page_id=368","title":{"rendered":"Psychotherapie"},"content":{"rendered":"<p><center><\/p>\n<table>\n<tbody>\n<tr>\n<td><span style=\"font-family: arial,helvetica,sans-serif; font-size: 14pt;\"><strong>Praxis f\u00fcr Psychotherapie<\/strong><\/span><\/p>\n<p><span style=\"font-family: arial,helvetica,sans-serif; font-size: 14pt;\"><strong>Was ist Psychotherapie?<\/strong><\/span><\/p>\n<p><span style=\"font-family: arial,helvetica,sans-serif;\">Psychotherapie ist eine <span style=\"text-decoration: underline;\">wissenschaftlich fundierte<br \/>\nMethode zur Linderung und Heilung<\/span> von<\/span><\/p>\n<ul>\n<li><span style=\"font-family: arial,helvetica,sans-serif;\">psychischen und psychosomatischen Leiden sowie<\/span><\/li>\n<li><span style=\"font-family: arial,helvetica,sans-serif;\">inner (-seelischen) und zwischenmenschlichen Konflikten<\/span><\/li>\n<\/ul>\n<p><span style=\"font-family: arial,helvetica,sans-serif;\">Durch eine gemeinsame Betrachtung des Problembereiches erm\u00f6glicht eine Psychotherapie<\/span><br \/>\n<span style=\"font-family: arial,helvetica,sans-serif;\"> sich selbst und seine Umwelt besser kennenzulernen und zu verstehen.<\/span><\/p>\n<p><span style=\"font-family: arial,helvetica,sans-serif;\"><strong>Ziel ist es, einen Ver\u00e4nderungsprozess in Gang zu setzen<\/strong>, der es erm\u00f6glicht,<\/span><br \/>\n<span style=\"font-family: arial,helvetica,sans-serif;\"> neue Perspektiven und Wege zu finden bzw. Probleme besser zu bew\u00e4ltigen.<\/span><\/p>\n<p><span style=\"font-family: arial,helvetica,sans-serif;\">All das basiert auf Basis einer vertrauensvollen Beziehung und dem Gespr\u00e4ch zwischen Psychotherapeut und Patient.<\/span><\/p>\n<p><span style=\"font-family: arial,helvetica,sans-serif;\"><strong>Psychotherapie findet Anwendung z. B. bei<\/strong><\/span><\/p>\n<ul>\n<li><span style=\"font-family: arial,helvetica,sans-serif;\">Psychosomatischen Beschwerden<\/span><\/li>\n<li><span style=\"font-family: arial,helvetica,sans-serif;\">Lebenskrisen (Jobverlust, Mobbing, Krankheit, Selbstwertproblematik, Neuorientierung)<\/span><\/li>\n<li><span style=\"font-family: arial,helvetica,sans-serif;\">\u00c4ngsten und Panikattacken<\/span><\/li>\n<li><span style=\"font-family: arial,helvetica,sans-serif;\">Depression<\/span><\/li>\n<li><span style=\"font-family: arial,helvetica,sans-serif;\">Schlafst\u00f6rung<\/span><\/li>\n<li><span style=\"font-family: arial,helvetica,sans-serif;\">Burnout<\/span><\/li>\n<li><span style=\"font-family: arial,helvetica,sans-serif;\">Essst\u00f6rung (Bulimie, Anorexie, Adipositas)<\/span><\/li>\n<li><span style=\"font-family: arial,helvetica,sans-serif;\">Sucht (Alkohol-, Drogen-, Internet-, Spielsucht)<\/span><\/li>\n<li><span style=\"font-family: arial,helvetica,sans-serif;\">Pers\u00f6nlichkeitsst\u00f6rungen<\/span><\/li>\n<li><span style=\"font-family: arial,helvetica,sans-serif;\">Paar- und Beziehungskonflikte<\/span><\/li>\n<\/ul>\n<ul>\n<li><span style=\"font-family: arial,helvetica,sans-serif;\">Trauerbew\u00e4ltigung<\/span><\/li>\n<li><span style=\"font-family: arial,helvetica,sans-serif;\">Zwangsgedanken und -handlungen<\/span><\/li>\n<li><span style=\"font-family: arial,helvetica,sans-serif;\">Sexualit\u00e4t<\/span><\/li>\n<li><span style=\"font-family: arial,helvetica,sans-serif;\"><span style=\"font-family: arial,helvetica,sans-serif;\">Traumatische Erlebnisse<\/span><\/span><\/li>\n<\/ul>\n<p>&nbsp;<\/td>\n<td>\n<h1><span style=\"font-family: arial,helvetica,sans-serif; font-size: 14pt;\">Rahmenbedingungen<\/span><\/h1>\n<p><span style=\"font-family: arial,helvetica,sans-serif;\"><strong>Erstgespr\u00e4ch:<\/strong><\/span><\/p>\n<p><span style=\"font-family: arial,helvetica,sans-serif;\">Nachdem wir telefonisch einen Termin f\u00fcr ein Erstgespr\u00e4ch vereinbart haben,<\/span><br \/>\n<span style=\"font-family: arial,helvetica,sans-serif;\"> werden wir uns pers\u00f6nlich kennenlernen, sodass ich mir einen<\/span><br \/>\n<span style=\"font-family: arial,helvetica,sans-serif;\"> ersten \u00dcberblick \u00fcber Ihr Anliegen machen kann.<\/span><\/p>\n<p><span style=\"font-family: arial,helvetica,sans-serif;\"><strong>Dauer:<\/strong><\/span><\/p>\n<p><span style=\"font-family: arial,helvetica,sans-serif;\">Die Dauer und Frequenz der Therapie ist individuell.<\/span><br \/>\n<span style=\"font-family: arial,helvetica,sans-serif;\"> Je nachdem, welche Bed\u00fcrfnisse im Vordergrund stehen und welche Ziele, W\u00fcnsche und Anspr\u00fcche Sie an die Therapie haben, werden wir diese gemeinsam erarbeiten.<\/span><\/p>\n<p><span style=\"font-family: arial,helvetica,sans-serif;\">Die M\u00f6glichkeiten reichen von Kurzzeittherapien bis hin zu mehrj\u00e4hrigen Analysen.<\/span><\/p>\n<p><span style=\"font-family: arial,helvetica,sans-serif;\"><strong>Absageregelung:<\/strong><\/span><\/p>\n<p><span style=\"font-family: arial,helvetica,sans-serif;\">Falls Sie einen vereinbarten Termin nicht einhalten k\u00f6nnen, sagen Sie diesen<\/span><br \/>\n<span style=\"font-family: arial,helvetica,sans-serif;\"> bitte mindestens 48 Stunden vorher ab, sodass kein Honorar anf\u00e4llt.<\/span><\/p>\n<p><span style=\"font-family: arial,helvetica,sans-serif;\"><strong>Schweigepflicht:<\/strong><\/span><\/p>\n<p><span style=\"font-family: arial,helvetica,sans-serif;\">Jeglicher Inhalt unserer Gespr\u00e4che unterliegt selbstverst\u00e4ndlich der absoluten Verschwiegenheitspflicht, gem\u00e4\u00df Psychotherapiegesetz \u00a7 15 PthG.<\/span><\/p>\n<p><span style=\"font-family: arial,helvetica,sans-serif;\"><strong>Kontakt<\/strong><\/span><\/p>\n<p><span style=\"font-family: arial,helvetica,sans-serif;\">Mag. Cla<\/span><span style=\"font-family: arial,helvetica,sans-serif;\"><a href=\"https:\/\/neurozentrum.co.at\/wp-content\/uploads\/2015\/03\/psycho_port-Klein.jpg\"><img loading=\"lazy\" decoding=\"async\" class=\"alignleft wp-image-369 size-medium\" src=\"https:\/\/neurozentrum.co.at\/wp-content\/uploads\/2015\/03\/psycho_port-Klein-216x300.jpg\" alt=\"psycho_port (Klein)\" width=\"216\" height=\"300\" srcset=\"https:\/\/neurozentrum.co.at\/wp-content\/uploads\/2015\/03\/psycho_port-Klein-216x300.jpg 216w, https:\/\/neurozentrum.co.at\/wp-content\/uploads\/2015\/03\/psycho_port-Klein.jpg 346w\" sizes=\"auto, (max-width: 216px) 100vw, 216px\" \/><\/a><\/span><span style=\"font-family: arial,helvetica,sans-serif;\">udia Weiss, BA pth<\/span><\/p>\n<p>Psychotherapeutin<\/p>\n<p><span style=\"font-family: arial,helvetica,sans-serif;\">Individualpsychologische Analytikerin<\/span><\/p>\n<p><span style=\"font-family: arial,helvetica,sans-serif;\">Mobil: 0680 \/ 12\u00a0678 03<\/span><\/p>\n<p><span style=\"font-family: arial,helvetica,sans-serif;\">Mail: <a href=\"mailto:office@psychotherapie-weiss.com\">office@psychotherapie-weiss.com<\/a><\/span><\/p>\n<p><span style=\"font-family: arial,helvetica,sans-serif;\">Web: <a href=\"http:\/\/www.psychotherapie-weiss.com\">www.psychotherapie-weiss.com<\/a><\/span><\/td>\n<\/tr>\n<\/tbody>\n<\/table>\n<p>&nbsp;<\/p>\n<p>&nbsp;<\/p>\n<p>&nbsp;<br \/>\n<\/center><\/p>\n","protected":false},"excerpt":{"rendered":"<p>Praxis f\u00fcr Psychotherapie Was ist Psychotherapie? Psychotherapie ist eine wissenschaftlich fundierte Methode zur Linderung und Heilung von psychischen und psychosomatischen Leiden sowie inner (-seelischen) und zwischenmenschlichen Konflikten Durch eine gemeinsame Betrachtung des Problembereiches erm\u00f6glicht eine Psychotherapie sich selbst und seine Umwelt besser kennenzulernen und zu verstehen. Ziel ist es, einen Ver\u00e4nderungsprozess in Gang zu setzen, [&hellip;]<\/p>\n","protected":false},"author":2,"featured_media":0,"parent":30,"menu_order":3,"comment_status":"closed","ping_status":"closed","template":"","meta":{"footnotes":""},"class_list":["post-368","page","type-page","status-publish","hentry"],"yoast_head":"<!-- This site is optimized with the Yoast SEO plugin v26.8 - https:\/\/yoast.com\/product\/yoast-seo-wordpress\/ -->\n<title>Psychotherapie - Neurozentrum Wiener Neustadt<\/title>\n<meta name=\"robots\" content=\"index, follow, max-snippet:-1, max-image-preview:large, max-video-preview:-1\" \/>\n<link rel=\"canonical\" href=\"https:\/\/neurozentrum.co.at\/?page_id=368\" \/>\n<meta property=\"og:locale\" content=\"de_DE\" \/>\n<meta property=\"og:type\" content=\"article\" \/>\n<meta property=\"og:title\" content=\"Psychotherapie - Neurozentrum Wiener Neustadt\" \/>\n<meta property=\"og:description\" content=\"Praxis f\u00fcr Psychotherapie Was ist Psychotherapie? Psychotherapie ist eine wissenschaftlich fundierte Methode zur Linderung und Heilung von psychischen und psychosomatischen Leiden sowie inner (-seelischen) und zwischenmenschlichen Konflikten Durch eine gemeinsame Betrachtung des Problembereiches erm\u00f6glicht eine Psychotherapie sich selbst und seine Umwelt besser kennenzulernen und zu verstehen. Ziel ist es, einen Ver\u00e4nderungsprozess in Gang zu setzen, [&hellip;]\" \/>\n<meta property=\"og:url\" content=\"https:\/\/neurozentrum.co.at\/?page_id=368\" \/>\n<meta property=\"og:site_name\" content=\"Neurozentrum Wiener Neustadt\" \/>\n<meta property=\"article:modified_time\" content=\"2015-03-05T06:52:08+00:00\" \/>\n<meta property=\"og:image\" content=\"https:\/\/neurozentrum.co.at\/wp-content\/uploads\/2015\/03\/psycho_port-Klein-216x300.jpg\" \/>\n<meta name=\"twitter:card\" content=\"summary_large_image\" \/>\n<meta name=\"twitter:label1\" content=\"Gesch\u00e4tzte Lesezeit\" \/>\n\t<meta name=\"twitter:data1\" content=\"1\u00a0Minute\" \/>\n<script type=\"application\/ld+json\" class=\"yoast-schema-graph\">{\"@context\":\"https:\/\/schema.org\",\"@graph\":[{\"@type\":\"WebPage\",\"@id\":\"https:\/\/neurozentrum.co.at\/?page_id=368\",\"url\":\"https:\/\/neurozentrum.co.at\/?page_id=368\",\"name\":\"Psychotherapie - Neurozentrum Wiener Neustadt\",\"isPartOf\":{\"@id\":\"https:\/\/neurozentrum.co.at\/#website\"},\"primaryImageOfPage\":{\"@id\":\"https:\/\/neurozentrum.co.at\/?page_id=368#primaryimage\"},\"image\":{\"@id\":\"https:\/\/neurozentrum.co.at\/?page_id=368#primaryimage\"},\"thumbnailUrl\":\"https:\/\/neurozentrum.co.at\/wp-content\/uploads\/2015\/03\/psycho_port-Klein-216x300.jpg\",\"datePublished\":\"2015-03-04T12:13:08+00:00\",\"dateModified\":\"2015-03-05T06:52:08+00:00\",\"breadcrumb\":{\"@id\":\"https:\/\/neurozentrum.co.at\/?page_id=368#breadcrumb\"},\"inLanguage\":\"de\",\"potentialAction\":[{\"@type\":\"ReadAction\",\"target\":[\"https:\/\/neurozentrum.co.at\/?page_id=368\"]}]},{\"@type\":\"ImageObject\",\"inLanguage\":\"de\",\"@id\":\"https:\/\/neurozentrum.co.at\/?page_id=368#primaryimage\",\"url\":\"https:\/\/neurozentrum.co.at\/wp-content\/uploads\/2015\/03\/psycho_port-Klein.jpg\",\"contentUrl\":\"https:\/\/neurozentrum.co.at\/wp-content\/uploads\/2015\/03\/psycho_port-Klein.jpg\",\"width\":346,\"height\":480},{\"@type\":\"BreadcrumbList\",\"@id\":\"https:\/\/neurozentrum.co.at\/?page_id=368#breadcrumb\",\"itemListElement\":[{\"@type\":\"ListItem\",\"position\":1,\"name\":\"Startseite\",\"item\":\"https:\/\/neurozentrum.co.at\/\"},{\"@type\":\"ListItem\",\"position\":2,\"name\":\"Leistungen\",\"item\":\"https:\/\/neurozentrum.co.at\/?page_id=30\"},{\"@type\":\"ListItem\",\"position\":3,\"name\":\"Psychotherapie\"}]},{\"@type\":\"WebSite\",\"@id\":\"https:\/\/neurozentrum.co.at\/#website\",\"url\":\"https:\/\/neurozentrum.co.at\/\",\"name\":\"Neurozentrum Wiener Neustadt\",\"description\":\"Dr. Franz Grie\u00dfmayer\",\"potentialAction\":[{\"@type\":\"SearchAction\",\"target\":{\"@type\":\"EntryPoint\",\"urlTemplate\":\"https:\/\/neurozentrum.co.at\/?s={search_term_string}\"},\"query-input\":{\"@type\":\"PropertyValueSpecification\",\"valueRequired\":true,\"valueName\":\"search_term_string\"}}],\"inLanguage\":\"de\"}]}<\/script>\n<!-- \/ Yoast SEO plugin. -->","yoast_head_json":{"title":"Psychotherapie - Neurozentrum Wiener Neustadt","robots":{"index":"index","follow":"follow","max-snippet":"max-snippet:-1","max-image-preview":"max-image-preview:large","max-video-preview":"max-video-preview:-1"},"canonical":"https:\/\/neurozentrum.co.at\/?page_id=368","og_locale":"de_DE","og_type":"article","og_title":"Psychotherapie - Neurozentrum Wiener Neustadt","og_description":"Praxis f\u00fcr Psychotherapie Was ist Psychotherapie? Psychotherapie ist eine wissenschaftlich fundierte Methode zur Linderung und Heilung von psychischen und psychosomatischen Leiden sowie inner (-seelischen) und zwischenmenschlichen Konflikten Durch eine gemeinsame Betrachtung des Problembereiches erm\u00f6glicht eine Psychotherapie sich selbst und seine Umwelt besser kennenzulernen und zu verstehen. Ziel ist es, einen Ver\u00e4nderungsprozess in Gang zu setzen, [&hellip;]","og_url":"https:\/\/neurozentrum.co.at\/?page_id=368","og_site_name":"Neurozentrum Wiener Neustadt","article_modified_time":"2015-03-05T06:52:08+00:00","og_image":[{"url":"https:\/\/neurozentrum.co.at\/wp-content\/uploads\/2015\/03\/psycho_port-Klein-216x300.jpg","type":"","width":"","height":""}],"twitter_card":"summary_large_image","twitter_misc":{"Gesch\u00e4tzte Lesezeit":"1\u00a0Minute"},"schema":{"@context":"https:\/\/schema.org","@graph":[{"@type":"WebPage","@id":"https:\/\/neurozentrum.co.at\/?page_id=368","url":"https:\/\/neurozentrum.co.at\/?page_id=368","name":"Psychotherapie - Neurozentrum Wiener Neustadt","isPartOf":{"@id":"https:\/\/neurozentrum.co.at\/#website"},"primaryImageOfPage":{"@id":"https:\/\/neurozentrum.co.at\/?page_id=368#primaryimage"},"image":{"@id":"https:\/\/neurozentrum.co.at\/?page_id=368#primaryimage"},"thumbnailUrl":"https:\/\/neurozentrum.co.at\/wp-content\/uploads\/2015\/03\/psycho_port-Klein-216x300.jpg","datePublished":"2015-03-04T12:13:08+00:00","dateModified":"2015-03-05T06:52:08+00:00","breadcrumb":{"@id":"https:\/\/neurozentrum.co.at\/?page_id=368#breadcrumb"},"inLanguage":"de","potentialAction":[{"@type":"ReadAction","target":["https:\/\/neurozentrum.co.at\/?page_id=368"]}]},{"@type":"ImageObject","inLanguage":"de","@id":"https:\/\/neurozentrum.co.at\/?page_id=368#primaryimage","url":"https:\/\/neurozentrum.co.at\/wp-content\/uploads\/2015\/03\/psycho_port-Klein.jpg","contentUrl":"https:\/\/neurozentrum.co.at\/wp-content\/uploads\/2015\/03\/psycho_port-Klein.jpg","width":346,"height":480},{"@type":"BreadcrumbList","@id":"https:\/\/neurozentrum.co.at\/?page_id=368#breadcrumb","itemListElement":[{"@type":"ListItem","position":1,"name":"Startseite","item":"https:\/\/neurozentrum.co.at\/"},{"@type":"ListItem","position":2,"name":"Leistungen","item":"https:\/\/neurozentrum.co.at\/?page_id=30"},{"@type":"ListItem","position":3,"name":"Psychotherapie"}]},{"@type":"WebSite","@id":"https:\/\/neurozentrum.co.at\/#website","url":"https:\/\/neurozentrum.co.at\/","name":"Neurozentrum Wiener Neustadt","description":"Dr. Franz Grie\u00dfmayer","potentialAction":[{"@type":"SearchAction","target":{"@type":"EntryPoint","urlTemplate":"https:\/\/neurozentrum.co.at\/?s={search_term_string}"},"query-input":{"@type":"PropertyValueSpecification","valueRequired":true,"valueName":"search_term_string"}}],"inLanguage":"de"}]}},"_links":{"self":[{"href":"https:\/\/neurozentrum.co.at\/index.php?rest_route=\/wp\/v2\/pages\/368","targetHints":{"allow":["GET"]}}],"collection":[{"href":"https:\/\/neurozentrum.co.at\/index.php?rest_route=\/wp\/v2\/pages"}],"about":[{"href":"https:\/\/neurozentrum.co.at\/index.php?rest_route=\/wp\/v2\/types\/page"}],"author":[{"embeddable":true,"href":"https:\/\/neurozentrum.co.at\/index.php?rest_route=\/wp\/v2\/users\/2"}],"replies":[{"embeddable":true,"href":"https:\/\/neurozentrum.co.at\/index.php?rest_route=%2Fwp%2Fv2%2Fcomments&post=368"}],"version-history":[{"count":0,"href":"https:\/\/neurozentrum.co.at\/index.php?rest_route=\/wp\/v2\/pages\/368\/revisions"}],"up":[{"embeddable":true,"href":"https:\/\/neurozentrum.co.at\/index.php?rest_route=\/wp\/v2\/pages\/30"}],"wp:attachment":[{"href":"https:\/\/neurozentrum.co.at\/index.php?rest_route=%2Fwp%2Fv2%2Fmedia&parent=368"}],"curies":[{"name":"wp","href":"https:\/\/api.w.org\/{rel}","templated":true}]}}