{"id":465,"date":"2015-03-23T12:09:12","date_gmt":"2015-03-23T10:09:12","guid":{"rendered":"https:\/\/neurozentrum.co.at\/?page_id=465"},"modified":"2015-03-27T16:06:13","modified_gmt":"2015-03-27T14:06:13","slug":"elektrodiagnostik-eegmlg","status":"publish","type":"page","link":"https:\/\/neurozentrum.co.at\/?page_id=465","title":{"rendered":"Elektrodiagnostik &#8211; EEG\/NLG\/EMG"},"content":{"rendered":"<table class=\" aligncenter\">\n<tbody>\n<tr>\n<td><span style=\"font-family: arial,helvetica,sans-serif; font-size: 12pt;\"><strong>EEG<\/strong><\/span><\/p>\n<p style=\"text-align: left;\"><span style=\"font-family: arial,helvetica,sans-serif; font-size: 10pt;\">Zur Diagnostik <\/span><\/p>\n<p><span style=\"font-family: arial,helvetica,sans-serif; font-size: 10pt;\">vor\u00fcbergehender (anfallsartiger) St\u00f6rungen der elektrischen Gehirnaktivit\u00e4t wie zum Beispiel <\/span><span style=\"font-family: arial,helvetica,sans-serif; font-size: 10pt;\">bei epileptischen Anf\u00e4llen und anderen St\u00f6rungen des Bewusstseins \u2013 <\/span><span style=\"font-family: arial,helvetica,sans-serif; font-size: 10pt;\">Abgrenzung von epileptischen Anf\u00e4llen <\/span><span style=\"font-family: arial,helvetica,sans-serif; font-size: 10pt;\">zu Ohnmachtsanf\u00e4llen bei Kreislaufkollaps, zu bestimmten Formen der Migr\u00e4ne<\/span><\/p>\n<p><span style=\"font-family: arial,helvetica,sans-serif; font-size: 10pt;\">sogenannter Allgemeinver\u00e4nderungen wie bei Demenzen, Stoffwechselerkrankungen<\/span><\/p>\n<p><span style=\"font-family: arial,helvetica,sans-serif; font-size: 10pt;\">Die Ableitung der elektrischen Aktivit\u00e4t der Gehirnrinde erfolgt schmerzlos \u00fcber Elektroden, <\/span><span style=\"font-family: arial,helvetica,sans-serif; font-size: 10pt;\">die auf der Kopfhaut aufgesetzt werden. Sie werden mit einer Art Gummihaube festgehalten.<\/span><br \/>\n<span style=\"font-family: arial,helvetica,sans-serif; font-size: 10pt;\"> Sie brauchen bei der Ableitung nur entspannt zu liegen und einige einfache Anweisungen <\/span><span style=\"font-family: arial,helvetica,sans-serif; font-size: 10pt;\">der Assistentin zu befolgen: Augenlider \u00f6ffnen und schlie\u00dfen; f\u00fcr einige Minuten tief <\/span><span style=\"font-family: arial,helvetica,sans-serif; font-size: 10pt;\">und gleichm\u00e4\u00dfig atmen.<br \/>\n<\/span><span style=\"font-family: arial,helvetica,sans-serif; font-size: 10pt;\">Sie werden f\u00fcr einige Minuten bei geschlossenen Augen Flackerlicht wechselnder <\/span><span style=\"font-family: arial,helvetica,sans-serif; font-size: 10pt;\">Frequenzen ausgesetzt.<\/span><\/p>\n<p><span style=\"font-family: arial,helvetica,sans-serif; font-size: 10pt;\">Am Abend vor der Ableitung bitten wir Sie, die Haare zu waschen und nichts auf die Haare aufzubringen <\/span><span style=\"font-family: arial,helvetica,sans-serif; font-size: 10pt;\"><em><strong>\u2013 kein Gel, keinen Haarspray.<\/strong><\/em><\/span><\/td>\n<td><a href=\"https:\/\/neurozentrum.co.at\/wp-content\/uploads\/2014\/03\/3-Klein.jpg\"><img loading=\"lazy\" decoding=\"async\" class=\"alignleft  wp-image-377\" src=\"https:\/\/neurozentrum.co.at\/wp-content\/uploads\/2014\/03\/3-Klein-300x238.jpg\" alt=\"3 (Klein)\" width=\"396\" height=\"314\" srcset=\"https:\/\/neurozentrum.co.at\/wp-content\/uploads\/2014\/03\/3-Klein-300x238.jpg 300w, https:\/\/neurozentrum.co.at\/wp-content\/uploads\/2014\/03\/3-Klein.jpg 604w\" sizes=\"auto, (max-width: 396px) 100vw, 396px\" \/><\/a><\/td>\n<\/tr>\n<tr>\n<td><span style=\"font-family: arial,helvetica,sans-serif; font-size: 10pt;\"><strong><span style=\"font-size: 12pt;\">Neurographie, Elektromyographie<\/span><\/strong><\/span><\/p>\n<p><span style=\"font-family: arial,helvetica,sans-serif; font-size: 10pt;\">Zur Diagnostik<\/span><\/p>\n<p><span style=\"font-family: arial,helvetica,sans-serif; font-size: 10pt;\">von <\/span><span style=\"font-family: arial,helvetica,sans-serif; font-size: 10pt;\">Engpasssyndromen\u00a0 (vielleicht haben Sie schon von einem Karpaltunnel-Syndrom geh\u00f6rt,\u00a0einem der h\u00e4ufigsten Engpass-Syndrome \u2013\u00a0ein \u201eeingezwickter Nerv\u201c am Handgelenk)<br \/>\n<\/span><\/p>\n<p><span style=\"font-family: arial,helvetica,sans-serif; font-size: 10pt;\">Polyneuropathien<\/span><span style=\"font-family: arial,helvetica,sans-serif; font-size: 10pt;\"><br \/>\n<\/span><span style=\"font-family: arial,helvetica,sans-serif; font-size: 10pt;\">(z. B. bei Diabetes, Alkoholkrankheit, rheumatischen Erkrankungen,\u00a0Schilddr\u00fcsenerkrankungen) <\/span><\/p>\n<p><span style=\"font-family: arial,helvetica,sans-serif; font-size: 10pt;\">Motoneuronenerkrankungen (z.B. ALS)<\/span><\/p>\n<p><span style=\"font-family: arial,helvetica,sans-serif; font-size: 10pt;\">Muskelerkrankungen<\/span><span style=\"font-family: arial,helvetica,sans-serif; font-size: 10pt;\"><br \/>\n<\/span><\/p>\n<p><span style=\"font-family: arial,helvetica,sans-serif; font-size: 10pt;\">Bei einer <strong>Neurographie<\/strong> wird die elektrische Leitf\u00e4higkeit verschiedener Nerven,\u00a0vor allem an Armen und Beinen, gemessen. Die Ableitung der Signale erfolgt mit Klebeelektroden;\u00a0 die Stimulation mit Metallelektroden ist manchmal etwas unangenehm, erfolgt jedoch mit Stromst\u00e4rken deutlich unter der gef\u00e4hrlichen Schwelle.<\/span><\/p>\n<p><span style=\"font-family: arial,helvetica,sans-serif; font-size: 10pt;\"><br \/>\n<\/span><span style=\"font-family: arial,helvetica,sans-serif; font-size: 10pt;\">Bei einer <strong>Elektromyographie<\/strong> werden einzelne oder mehrere Muskeln an mehreren Stellen mit einer sehr d\u00fcnnen\u00a0Nadelelektrode untersucht. Der Schmerz ist gering, wenn Sie entspannt sind.\u00a0Sie k\u00f6nnen am Bildschirm die Aufzeichnung mitverfolgen.<\/span><\/td>\n<td><a href=\"https:\/\/neurozentrum.co.at\/wp-content\/uploads\/2015\/03\/eeg-Mittel.jpg\"><img loading=\"lazy\" decoding=\"async\" class=\"alignleft  wp-image-421\" src=\"https:\/\/neurozentrum.co.at\/wp-content\/uploads\/2015\/03\/eeg-Mittel-300x259.jpg\" alt=\"eeg (Mittel)\" width=\"399\" height=\"344\" srcset=\"https:\/\/neurozentrum.co.at\/wp-content\/uploads\/2015\/03\/eeg-Mittel-300x259.jpg 300w, https:\/\/neurozentrum.co.at\/wp-content\/uploads\/2015\/03\/eeg-Mittel.jpg 889w\" sizes=\"auto, (max-width: 399px) 100vw, 399px\" \/><\/a><\/td>\n<\/tr>\n<\/tbody>\n<\/table>\n<p>&nbsp;<\/p>\n","protected":false},"excerpt":{"rendered":"<p>EEG Zur Diagnostik vor\u00fcbergehender (anfallsartiger) St\u00f6rungen der elektrischen Gehirnaktivit\u00e4t wie zum Beispiel bei epileptischen Anf\u00e4llen und anderen St\u00f6rungen des Bewusstseins \u2013 Abgrenzung von epileptischen Anf\u00e4llen zu Ohnmachtsanf\u00e4llen bei Kreislaufkollaps, zu bestimmten Formen der Migr\u00e4ne sogenannter Allgemeinver\u00e4nderungen wie bei Demenzen, Stoffwechselerkrankungen Die Ableitung der elektrischen Aktivit\u00e4t der Gehirnrinde erfolgt schmerzlos \u00fcber Elektroden, die auf der Kopfhaut [&hellip;]<\/p>\n","protected":false},"author":2,"featured_media":0,"parent":30,"menu_order":2,"comment_status":"closed","ping_status":"closed","template":"","meta":{"footnotes":""},"class_list":["post-465","page","type-page","status-publish","hentry"],"yoast_head":"<!-- This site is optimized with the Yoast SEO plugin v26.8 - https:\/\/yoast.com\/product\/yoast-seo-wordpress\/ -->\n<title>Elektrodiagnostik - EEG\/NLG\/EMG - Neurozentrum Wiener Neustadt<\/title>\n<meta name=\"robots\" content=\"index, follow, max-snippet:-1, max-image-preview:large, max-video-preview:-1\" \/>\n<link rel=\"canonical\" href=\"https:\/\/neurozentrum.co.at\/?page_id=465\" \/>\n<meta property=\"og:locale\" content=\"de_DE\" \/>\n<meta property=\"og:type\" content=\"article\" \/>\n<meta property=\"og:title\" content=\"Elektrodiagnostik - EEG\/NLG\/EMG - Neurozentrum Wiener Neustadt\" \/>\n<meta property=\"og:description\" content=\"EEG Zur Diagnostik vor\u00fcbergehender (anfallsartiger) St\u00f6rungen der elektrischen Gehirnaktivit\u00e4t wie zum Beispiel bei epileptischen Anf\u00e4llen und anderen St\u00f6rungen des Bewusstseins \u2013 Abgrenzung von epileptischen Anf\u00e4llen zu Ohnmachtsanf\u00e4llen bei Kreislaufkollaps, zu bestimmten Formen der Migr\u00e4ne sogenannter Allgemeinver\u00e4nderungen wie bei Demenzen, Stoffwechselerkrankungen Die Ableitung der elektrischen Aktivit\u00e4t der Gehirnrinde erfolgt schmerzlos \u00fcber Elektroden, die auf der Kopfhaut [&hellip;]\" \/>\n<meta property=\"og:url\" content=\"https:\/\/neurozentrum.co.at\/?page_id=465\" \/>\n<meta property=\"og:site_name\" content=\"Neurozentrum Wiener Neustadt\" \/>\n<meta property=\"article:modified_time\" content=\"2015-03-27T14:06:13+00:00\" \/>\n<meta property=\"og:image\" content=\"https:\/\/neurozentrum.co.at\/wp-content\/uploads\/2014\/03\/3-Klein-300x238.jpg\" \/>\n<meta name=\"twitter:card\" content=\"summary_large_image\" \/>\n<meta name=\"twitter:label1\" content=\"Gesch\u00e4tzte Lesezeit\" \/>\n\t<meta name=\"twitter:data1\" content=\"1\u00a0Minute\" \/>\n<script type=\"application\/ld+json\" class=\"yoast-schema-graph\">{\"@context\":\"https:\/\/schema.org\",\"@graph\":[{\"@type\":\"WebPage\",\"@id\":\"https:\/\/neurozentrum.co.at\/?page_id=465\",\"url\":\"https:\/\/neurozentrum.co.at\/?page_id=465\",\"name\":\"Elektrodiagnostik - EEG\/NLG\/EMG - Neurozentrum Wiener Neustadt\",\"isPartOf\":{\"@id\":\"https:\/\/neurozentrum.co.at\/#website\"},\"primaryImageOfPage\":{\"@id\":\"https:\/\/neurozentrum.co.at\/?page_id=465#primaryimage\"},\"image\":{\"@id\":\"https:\/\/neurozentrum.co.at\/?page_id=465#primaryimage\"},\"thumbnailUrl\":\"https:\/\/neurozentrum.co.at\/wp-content\/uploads\/2014\/03\/3-Klein-300x238.jpg\",\"datePublished\":\"2015-03-23T10:09:12+00:00\",\"dateModified\":\"2015-03-27T14:06:13+00:00\",\"breadcrumb\":{\"@id\":\"https:\/\/neurozentrum.co.at\/?page_id=465#breadcrumb\"},\"inLanguage\":\"de\",\"potentialAction\":[{\"@type\":\"ReadAction\",\"target\":[\"https:\/\/neurozentrum.co.at\/?page_id=465\"]}]},{\"@type\":\"ImageObject\",\"inLanguage\":\"de\",\"@id\":\"https:\/\/neurozentrum.co.at\/?page_id=465#primaryimage\",\"url\":\"https:\/\/neurozentrum.co.at\/wp-content\/uploads\/2014\/03\/3-Klein.jpg\",\"contentUrl\":\"https:\/\/neurozentrum.co.at\/wp-content\/uploads\/2014\/03\/3-Klein.jpg\",\"width\":604,\"height\":480},{\"@type\":\"BreadcrumbList\",\"@id\":\"https:\/\/neurozentrum.co.at\/?page_id=465#breadcrumb\",\"itemListElement\":[{\"@type\":\"ListItem\",\"position\":1,\"name\":\"Startseite\",\"item\":\"https:\/\/neurozentrum.co.at\/\"},{\"@type\":\"ListItem\",\"position\":2,\"name\":\"Leistungen\",\"item\":\"https:\/\/neurozentrum.co.at\/?page_id=30\"},{\"@type\":\"ListItem\",\"position\":3,\"name\":\"Elektrodiagnostik &#8211; EEG\/NLG\/EMG\"}]},{\"@type\":\"WebSite\",\"@id\":\"https:\/\/neurozentrum.co.at\/#website\",\"url\":\"https:\/\/neurozentrum.co.at\/\",\"name\":\"Neurozentrum Wiener Neustadt\",\"description\":\"Dr. Franz Grie\u00dfmayer\",\"potentialAction\":[{\"@type\":\"SearchAction\",\"target\":{\"@type\":\"EntryPoint\",\"urlTemplate\":\"https:\/\/neurozentrum.co.at\/?s={search_term_string}\"},\"query-input\":{\"@type\":\"PropertyValueSpecification\",\"valueRequired\":true,\"valueName\":\"search_term_string\"}}],\"inLanguage\":\"de\"}]}<\/script>\n<!-- \/ Yoast SEO plugin. -->","yoast_head_json":{"title":"Elektrodiagnostik - EEG\/NLG\/EMG - Neurozentrum Wiener Neustadt","robots":{"index":"index","follow":"follow","max-snippet":"max-snippet:-1","max-image-preview":"max-image-preview:large","max-video-preview":"max-video-preview:-1"},"canonical":"https:\/\/neurozentrum.co.at\/?page_id=465","og_locale":"de_DE","og_type":"article","og_title":"Elektrodiagnostik - EEG\/NLG\/EMG - Neurozentrum Wiener Neustadt","og_description":"EEG Zur Diagnostik vor\u00fcbergehender (anfallsartiger) St\u00f6rungen der elektrischen Gehirnaktivit\u00e4t wie zum Beispiel bei epileptischen Anf\u00e4llen und anderen St\u00f6rungen des Bewusstseins \u2013 Abgrenzung von epileptischen Anf\u00e4llen zu Ohnmachtsanf\u00e4llen bei Kreislaufkollaps, zu bestimmten Formen der Migr\u00e4ne sogenannter Allgemeinver\u00e4nderungen wie bei Demenzen, Stoffwechselerkrankungen Die Ableitung der elektrischen Aktivit\u00e4t der Gehirnrinde erfolgt schmerzlos \u00fcber Elektroden, die auf der Kopfhaut [&hellip;]","og_url":"https:\/\/neurozentrum.co.at\/?page_id=465","og_site_name":"Neurozentrum Wiener Neustadt","article_modified_time":"2015-03-27T14:06:13+00:00","og_image":[{"url":"https:\/\/neurozentrum.co.at\/wp-content\/uploads\/2014\/03\/3-Klein-300x238.jpg","type":"","width":"","height":""}],"twitter_card":"summary_large_image","twitter_misc":{"Gesch\u00e4tzte Lesezeit":"1\u00a0Minute"},"schema":{"@context":"https:\/\/schema.org","@graph":[{"@type":"WebPage","@id":"https:\/\/neurozentrum.co.at\/?page_id=465","url":"https:\/\/neurozentrum.co.at\/?page_id=465","name":"Elektrodiagnostik - EEG\/NLG\/EMG - Neurozentrum Wiener Neustadt","isPartOf":{"@id":"https:\/\/neurozentrum.co.at\/#website"},"primaryImageOfPage":{"@id":"https:\/\/neurozentrum.co.at\/?page_id=465#primaryimage"},"image":{"@id":"https:\/\/neurozentrum.co.at\/?page_id=465#primaryimage"},"thumbnailUrl":"https:\/\/neurozentrum.co.at\/wp-content\/uploads\/2014\/03\/3-Klein-300x238.jpg","datePublished":"2015-03-23T10:09:12+00:00","dateModified":"2015-03-27T14:06:13+00:00","breadcrumb":{"@id":"https:\/\/neurozentrum.co.at\/?page_id=465#breadcrumb"},"inLanguage":"de","potentialAction":[{"@type":"ReadAction","target":["https:\/\/neurozentrum.co.at\/?page_id=465"]}]},{"@type":"ImageObject","inLanguage":"de","@id":"https:\/\/neurozentrum.co.at\/?page_id=465#primaryimage","url":"https:\/\/neurozentrum.co.at\/wp-content\/uploads\/2014\/03\/3-Klein.jpg","contentUrl":"https:\/\/neurozentrum.co.at\/wp-content\/uploads\/2014\/03\/3-Klein.jpg","width":604,"height":480},{"@type":"BreadcrumbList","@id":"https:\/\/neurozentrum.co.at\/?page_id=465#breadcrumb","itemListElement":[{"@type":"ListItem","position":1,"name":"Startseite","item":"https:\/\/neurozentrum.co.at\/"},{"@type":"ListItem","position":2,"name":"Leistungen","item":"https:\/\/neurozentrum.co.at\/?page_id=30"},{"@type":"ListItem","position":3,"name":"Elektrodiagnostik &#8211; EEG\/NLG\/EMG"}]},{"@type":"WebSite","@id":"https:\/\/neurozentrum.co.at\/#website","url":"https:\/\/neurozentrum.co.at\/","name":"Neurozentrum Wiener Neustadt","description":"Dr. Franz Grie\u00dfmayer","potentialAction":[{"@type":"SearchAction","target":{"@type":"EntryPoint","urlTemplate":"https:\/\/neurozentrum.co.at\/?s={search_term_string}"},"query-input":{"@type":"PropertyValueSpecification","valueRequired":true,"valueName":"search_term_string"}}],"inLanguage":"de"}]}},"_links":{"self":[{"href":"https:\/\/neurozentrum.co.at\/index.php?rest_route=\/wp\/v2\/pages\/465","targetHints":{"allow":["GET"]}}],"collection":[{"href":"https:\/\/neurozentrum.co.at\/index.php?rest_route=\/wp\/v2\/pages"}],"about":[{"href":"https:\/\/neurozentrum.co.at\/index.php?rest_route=\/wp\/v2\/types\/page"}],"author":[{"embeddable":true,"href":"https:\/\/neurozentrum.co.at\/index.php?rest_route=\/wp\/v2\/users\/2"}],"replies":[{"embeddable":true,"href":"https:\/\/neurozentrum.co.at\/index.php?rest_route=%2Fwp%2Fv2%2Fcomments&post=465"}],"version-history":[{"count":0,"href":"https:\/\/neurozentrum.co.at\/index.php?rest_route=\/wp\/v2\/pages\/465\/revisions"}],"up":[{"embeddable":true,"href":"https:\/\/neurozentrum.co.at\/index.php?rest_route=\/wp\/v2\/pages\/30"}],"wp:attachment":[{"href":"https:\/\/neurozentrum.co.at\/index.php?rest_route=%2Fwp%2Fv2%2Fmedia&parent=465"}],"curies":[{"name":"wp","href":"https:\/\/api.w.org\/{rel}","templated":true}]}}