{"id":537,"date":"2018-07-09T11:32:15","date_gmt":"2018-07-09T09:32:15","guid":{"rendered":"https:\/\/neurozentrum.co.at\/?page_id=537"},"modified":"2018-07-09T11:32:57","modified_gmt":"2018-07-09T09:32:57","slug":"datenschutz","status":"publish","type":"page","link":"https:\/\/neurozentrum.co.at\/?page_id=537","title":{"rendered":"Datenschutz"},"content":{"rendered":"<p><strong><span style=\"font-family: arial, helvetica, sans-serif;\">Datenschutzerkl\u00e4rung gem\u00e4\u00df Art 13 f DSGVO<\/span><\/strong><\/p>\n<p><span style=\"font-family: arial, helvetica, sans-serif;\">Der Schutz Ihrer pers\u00f6nlichen Daten ist uns sehr wichtig. Nachfolgend informieren wir Sie \u00fcber die Datenverarbeitung im Rahmen unserer Website.<\/span><br \/>\n<span style=\"font-family: arial, helvetica, sans-serif;\">Der Verantwortliche f\u00fcr die Verarbeitung ist: Dr. Franz Grie\u00dfmayer<\/span><br \/>\n<span style=\"font-family: arial, helvetica, sans-serif;\">Bahngasse 33a\/18<\/span><br \/>\n<span style=\"font-family: arial, helvetica, sans-serif;\">2700 Wiener Neustadt<\/span><br \/>\n<span style=\"font-family: arial, helvetica, sans-serif;\">Tel.: 02622 23069<\/span><br \/>\n<span style=\"font-family: arial, helvetica, sans-serif;\">Fax: 02622 230694<\/span><br \/>\n<span style=\"font-family: arial, helvetica, sans-serif;\">Ein Datenschutzbeauftragter ist nicht bestellt.<\/span><\/p>\n<p><strong><span style=\"font-family: arial, helvetica, sans-serif;\">Details zur Datenverarbeitung:<\/span><\/strong><br \/>\n<span style=\"font-family: arial, helvetica, sans-serif;\">Beim Besuch einer Website werden bestimmte Informationen automatisch generiert und gespeichert. Wenn Sie unsere Website besuchen, speichert unser Webserver (Computer auf dem diese Webseite gespeichert ist) automatisch folgende Daten:<\/span><br \/>\n<span style=\"font-family: arial, helvetica, sans-serif;\">&#8211; die Adresse (URL) der aufgerufenen Webseite<\/span><br \/>\n<span style=\"font-family: arial, helvetica, sans-serif;\">&#8211; Browser und Browserversion<\/span><br \/>\n<span style=\"font-family: arial, helvetica, sans-serif;\">&#8211; das verwendete Betriebssystem<\/span><br \/>\n<span style=\"font-family: arial, helvetica, sans-serif;\">&#8211; Menge der \u00fcbermittelten Daten<\/span><br \/>\n<span style=\"font-family: arial, helvetica, sans-serif;\">&#8211; die Adresse (URL) der zuvor besuchten Seite (Referrer URL)<\/span><br \/>\n<span style=\"font-family: arial, helvetica, sans-serif;\">&#8211; den Hostname und die IP-Adresse des Ger\u00e4ts von welchem aus zugegriffen wird<\/span><br \/>\n<span style=\"font-family: arial, helvetica, sans-serif;\">&#8211; Datum und Uhrzeit<\/span><\/p>\n<p><span style=\"font-family: arial, helvetica, sans-serif;\">Auf Basis der IP-Adresse zusammen mit dem Zeitpunkt des Zugriffs l\u00e4sst sich der Anschlussinhaber des Internetzugangs identifizieren. Allerdings braucht man hierf\u00fcr die Mithilfe des Internet-Providers des Anschlussinhabers. Eine dar\u00fcber hinausgehende Datenverarbeitung (Cookies, Tracking etc.) findet im Zusammenhang mit dem Besuch unserer Website nicht statt. Es finden keine automatisierten Einzelentscheidungen statt.<\/span><br \/>\n<span style=\"font-family: arial, helvetica, sans-serif;\">Die Daten werden f\u00fcr folgende Zwecke verwendet:<\/span><br \/>\n<span style=\"font-family: arial, helvetica, sans-serif;\">Verwaltung dieser Website. Eine Weiterverwendung von Daten f\u00fcr andere Zwecke findet nicht statt.<\/span><br \/>\n<span style=\"font-family: arial, helvetica, sans-serif;\">Rechtsgrundlage der Verarbeitung:<\/span><br \/>\n<span style=\"font-family: arial, helvetica, sans-serif;\">Wir verarbeiten Ihre personenbezogenen Daten auf Grundlage unseres \u00fcberwiegenden berechtigten Interesses: Die gegenst\u00e4ndlichen Datenverarbeitungen sind f\u00fcr die Verwaltung und die Aufrechterhaltung der generellen Funktionsf\u00e4higkeit einer Website erforderlich. Ohne die Verarbeitung dieser Daten w\u00e4re der Betrieb dieser Website daher nicht m\u00f6glich. Die Verwendung der Website durch die Nutzer erfolgt auf freiwilliger Basis und stellt keine Voraussetzung f\u00fcr die Inanspruchnahme unserer Leistungen dar.<\/span><br \/>\n<span style=\"font-family: arial, helvetica, sans-serif;\">L\u00f6schfristen:<\/span><br \/>\n<span style=\"font-family: arial, helvetica, sans-serif;\">Diese Daten werden nur so lange gespeichert, als dies technisch und organisatorisch erforderlich ist.<\/span><br \/>\n<span style=\"font-family: arial, helvetica, sans-serif;\">Auftragsverarbeiter:<\/span><br \/>\n<span style=\"font-family: arial, helvetica, sans-serif;\">Zur Verwaltung dieser Website bedienen wir uns eines Auftragsverarbeiters:<\/span><\/p>\n<p><span style=\"font-family: arial, helvetica, sans-serif;\">WOTECH e.U<\/span><br \/>\n<span style=\"font-family: arial, helvetica, sans-serif;\">Ing. J\u00fcrgen Wohlfahrt<\/span><br \/>\n<span style=\"font-family: arial, helvetica, sans-serif;\">Raglitzerstr. 59, 2620 Raglitz<br \/>\n<\/span><br \/>\n<strong><span style=\"font-family: arial, helvetica, sans-serif;\">Empf\u00e4nger von Daten\/\u00dcbermittlung an Drittl\u00e4nder:<\/span><\/strong><br \/>\n<span style=\"font-family: arial, helvetica, sans-serif;\">Daten zur Verwaltung der Website werden nur \u00fcbermittelt, wenn ein Angriff oder ein illegaler Zugriff vermutet wird und zur Kl\u00e4rung und Verfolgung die Daten an technische Fachleute und Sicherheitsbeh\u00f6rden weitergeleitet werden. Weiters k\u00f6nnen wir nicht ausschlie\u00dfen, dass diese Daten beim Vorliegen von rechtswidrigem Verhalten von Strafverfolgungsbeh\u00f6rden eingesehen werden.<\/span><br \/>\n<span style=\"font-family: arial, helvetica, sans-serif;\">Die Daten werden nicht an Empf\u00e4nger in Drittl\u00e4ndern oder internationale Organisationen \u00fcbermittelt.<\/span><\/p>\n<p><span style=\"font-family: arial, helvetica, sans-serif;\"><strong>Rechte laut Datenschutzgrundverordnung:<\/strong><br \/>\n<\/span><span style=\"font-family: arial, helvetica, sans-serif;\">Ihnen stehen laut den Bestimmungen der DSGVO und des \u00f6sterreichischen Datenschutzgesetzes (DSG) grunds\u00e4tzlich die folgende Rechte zu:<\/span><br \/>\n<span style=\"font-family: arial, helvetica, sans-serif;\">&#8211; Recht auf Auskunft (Art 15 DSGVO)<\/span><br \/>\n<span style=\"font-family: arial, helvetica, sans-serif;\">&#8211; Recht auf Berichtung (Art 16 DSGVO)<\/span><br \/>\n<span style=\"font-family: arial, helvetica, sans-serif;\">&#8211; Recht auf L\u00f6schung (Art 17 DSGVO)<\/span><br \/>\n<span style=\"font-family: arial, helvetica, sans-serif;\">&#8211; Recht auf Einschr\u00e4nkung der Verarbeitung (Art 18 DSGVO)<\/span><br \/>\n<span style=\"font-family: arial, helvetica, sans-serif;\">&#8211; Widerspruchsrecht (Art 21 DSGVO)<\/span><br \/>\n<span style=\"font-family: arial, helvetica, sans-serif;\">Die Aus\u00fcbung des Rechtes auf Einschr\u00e4nkung der Verarbeitung und des Widerspruchsrechts kann aufgrund der weltweiten Abrufbarkeit der Website ohne vorherige Identit\u00e4tsfeststellung des Nutzers technisch nicht gew\u00e4hrleistet werden.<\/span><br \/>\n<span style=\"font-family: arial, helvetica, sans-serif;\">Datenschutzbeh\u00f6rde:<\/span><br \/>\n<span style=\"font-family: arial, helvetica, sans-serif;\">Wenn Sie glauben, dass die Verarbeitung Ihrer Daten gegen das Datenschutzrecht verst\u00f6\u00dft oder Ihre datenschutzrechtlichen Anspr\u00fcche sonst in einer Weise verletzt worden sind, k\u00f6nnen Sie sich an die Datenschutzbeh\u00f6rde ( https:\/\/www.dsb.gv.at) wenden.<\/span><br \/>\n<span style=\"font-family: arial, helvetica, sans-serif;\">Hinsichtlich der im \u00c4rztegesetz 1998 vorgesehenen Datenverarbeitungen sind die Rechte und Pflichten gem\u00e4\u00df Art 13, 14, 18 und 21 DSGVO ausgeschlossen (\u00a73b Abs 2 \u00c4rztegesetz 1998).<\/span><\/p>\n","protected":false},"excerpt":{"rendered":"<p>Datenschutzerkl\u00e4rung gem\u00e4\u00df Art 13 f DSGVO Der Schutz Ihrer pers\u00f6nlichen Daten ist uns sehr wichtig. Nachfolgend informieren wir Sie \u00fcber die Datenverarbeitung im Rahmen unserer Website. Der Verantwortliche f\u00fcr die Verarbeitung ist: Dr. Franz Grie\u00dfmayer Bahngasse 33a\/18 2700 Wiener Neustadt Tel.: 02622 23069 Fax: 02622 230694 Ein Datenschutzbeauftragter ist nicht bestellt. Details zur Datenverarbeitung: Beim [&hellip;]<\/p>\n","protected":false},"author":2,"featured_media":0,"parent":0,"menu_order":88,"comment_status":"closed","ping_status":"closed","template":"","meta":{"footnotes":""},"class_list":["post-537","page","type-page","status-publish","hentry"],"yoast_head":"<!-- This site is optimized with the Yoast SEO plugin v26.8 - https:\/\/yoast.com\/product\/yoast-seo-wordpress\/ -->\n<title>Datenschutz - Neurozentrum Wiener Neustadt<\/title>\n<meta name=\"robots\" content=\"index, follow, max-snippet:-1, max-image-preview:large, max-video-preview:-1\" \/>\n<link rel=\"canonical\" href=\"https:\/\/neurozentrum.co.at\/?page_id=537\" \/>\n<meta property=\"og:locale\" content=\"de_DE\" \/>\n<meta property=\"og:type\" content=\"article\" \/>\n<meta property=\"og:title\" content=\"Datenschutz - Neurozentrum Wiener Neustadt\" \/>\n<meta property=\"og:description\" content=\"Datenschutzerkl\u00e4rung gem\u00e4\u00df Art 13 f DSGVO Der Schutz Ihrer pers\u00f6nlichen Daten ist uns sehr wichtig. Nachfolgend informieren wir Sie \u00fcber die Datenverarbeitung im Rahmen unserer Website. Der Verantwortliche f\u00fcr die Verarbeitung ist: Dr. Franz Grie\u00dfmayer Bahngasse 33a\/18 2700 Wiener Neustadt Tel.: 02622 23069 Fax: 02622 230694 Ein Datenschutzbeauftragter ist nicht bestellt. Details zur Datenverarbeitung: Beim [&hellip;]\" \/>\n<meta property=\"og:url\" content=\"https:\/\/neurozentrum.co.at\/?page_id=537\" \/>\n<meta property=\"og:site_name\" content=\"Neurozentrum Wiener Neustadt\" \/>\n<meta property=\"article:modified_time\" content=\"2018-07-09T09:32:57+00:00\" \/>\n<meta name=\"twitter:card\" content=\"summary_large_image\" \/>\n<meta name=\"twitter:label1\" content=\"Gesch\u00e4tzte Lesezeit\" \/>\n\t<meta name=\"twitter:data1\" content=\"3\u00a0Minuten\" \/>\n<script type=\"application\/ld+json\" class=\"yoast-schema-graph\">{\"@context\":\"https:\/\/schema.org\",\"@graph\":[{\"@type\":\"WebPage\",\"@id\":\"https:\/\/neurozentrum.co.at\/?page_id=537\",\"url\":\"https:\/\/neurozentrum.co.at\/?page_id=537\",\"name\":\"Datenschutz - Neurozentrum Wiener Neustadt\",\"isPartOf\":{\"@id\":\"https:\/\/neurozentrum.co.at\/#website\"},\"datePublished\":\"2018-07-09T09:32:15+00:00\",\"dateModified\":\"2018-07-09T09:32:57+00:00\",\"breadcrumb\":{\"@id\":\"https:\/\/neurozentrum.co.at\/?page_id=537#breadcrumb\"},\"inLanguage\":\"de\",\"potentialAction\":[{\"@type\":\"ReadAction\",\"target\":[\"https:\/\/neurozentrum.co.at\/?page_id=537\"]}]},{\"@type\":\"BreadcrumbList\",\"@id\":\"https:\/\/neurozentrum.co.at\/?page_id=537#breadcrumb\",\"itemListElement\":[{\"@type\":\"ListItem\",\"position\":1,\"name\":\"Startseite\",\"item\":\"https:\/\/neurozentrum.co.at\/\"},{\"@type\":\"ListItem\",\"position\":2,\"name\":\"Datenschutz\"}]},{\"@type\":\"WebSite\",\"@id\":\"https:\/\/neurozentrum.co.at\/#website\",\"url\":\"https:\/\/neurozentrum.co.at\/\",\"name\":\"Neurozentrum Wiener Neustadt\",\"description\":\"Dr. Franz Grie\u00dfmayer\",\"potentialAction\":[{\"@type\":\"SearchAction\",\"target\":{\"@type\":\"EntryPoint\",\"urlTemplate\":\"https:\/\/neurozentrum.co.at\/?s={search_term_string}\"},\"query-input\":{\"@type\":\"PropertyValueSpecification\",\"valueRequired\":true,\"valueName\":\"search_term_string\"}}],\"inLanguage\":\"de\"}]}<\/script>\n<!-- \/ Yoast SEO plugin. -->","yoast_head_json":{"title":"Datenschutz - Neurozentrum Wiener Neustadt","robots":{"index":"index","follow":"follow","max-snippet":"max-snippet:-1","max-image-preview":"max-image-preview:large","max-video-preview":"max-video-preview:-1"},"canonical":"https:\/\/neurozentrum.co.at\/?page_id=537","og_locale":"de_DE","og_type":"article","og_title":"Datenschutz - Neurozentrum Wiener Neustadt","og_description":"Datenschutzerkl\u00e4rung gem\u00e4\u00df Art 13 f DSGVO Der Schutz Ihrer pers\u00f6nlichen Daten ist uns sehr wichtig. Nachfolgend informieren wir Sie \u00fcber die Datenverarbeitung im Rahmen unserer Website. Der Verantwortliche f\u00fcr die Verarbeitung ist: Dr. Franz Grie\u00dfmayer Bahngasse 33a\/18 2700 Wiener Neustadt Tel.: 02622 23069 Fax: 02622 230694 Ein Datenschutzbeauftragter ist nicht bestellt. Details zur Datenverarbeitung: Beim [&hellip;]","og_url":"https:\/\/neurozentrum.co.at\/?page_id=537","og_site_name":"Neurozentrum Wiener Neustadt","article_modified_time":"2018-07-09T09:32:57+00:00","twitter_card":"summary_large_image","twitter_misc":{"Gesch\u00e4tzte Lesezeit":"3\u00a0Minuten"},"schema":{"@context":"https:\/\/schema.org","@graph":[{"@type":"WebPage","@id":"https:\/\/neurozentrum.co.at\/?page_id=537","url":"https:\/\/neurozentrum.co.at\/?page_id=537","name":"Datenschutz - Neurozentrum Wiener Neustadt","isPartOf":{"@id":"https:\/\/neurozentrum.co.at\/#website"},"datePublished":"2018-07-09T09:32:15+00:00","dateModified":"2018-07-09T09:32:57+00:00","breadcrumb":{"@id":"https:\/\/neurozentrum.co.at\/?page_id=537#breadcrumb"},"inLanguage":"de","potentialAction":[{"@type":"ReadAction","target":["https:\/\/neurozentrum.co.at\/?page_id=537"]}]},{"@type":"BreadcrumbList","@id":"https:\/\/neurozentrum.co.at\/?page_id=537#breadcrumb","itemListElement":[{"@type":"ListItem","position":1,"name":"Startseite","item":"https:\/\/neurozentrum.co.at\/"},{"@type":"ListItem","position":2,"name":"Datenschutz"}]},{"@type":"WebSite","@id":"https:\/\/neurozentrum.co.at\/#website","url":"https:\/\/neurozentrum.co.at\/","name":"Neurozentrum Wiener Neustadt","description":"Dr. Franz Grie\u00dfmayer","potentialAction":[{"@type":"SearchAction","target":{"@type":"EntryPoint","urlTemplate":"https:\/\/neurozentrum.co.at\/?s={search_term_string}"},"query-input":{"@type":"PropertyValueSpecification","valueRequired":true,"valueName":"search_term_string"}}],"inLanguage":"de"}]}},"_links":{"self":[{"href":"https:\/\/neurozentrum.co.at\/index.php?rest_route=\/wp\/v2\/pages\/537","targetHints":{"allow":["GET"]}}],"collection":[{"href":"https:\/\/neurozentrum.co.at\/index.php?rest_route=\/wp\/v2\/pages"}],"about":[{"href":"https:\/\/neurozentrum.co.at\/index.php?rest_route=\/wp\/v2\/types\/page"}],"author":[{"embeddable":true,"href":"https:\/\/neurozentrum.co.at\/index.php?rest_route=\/wp\/v2\/users\/2"}],"replies":[{"embeddable":true,"href":"https:\/\/neurozentrum.co.at\/index.php?rest_route=%2Fwp%2Fv2%2Fcomments&post=537"}],"version-history":[{"count":0,"href":"https:\/\/neurozentrum.co.at\/index.php?rest_route=\/wp\/v2\/pages\/537\/revisions"}],"wp:attachment":[{"href":"https:\/\/neurozentrum.co.at\/index.php?rest_route=%2Fwp%2Fv2%2Fmedia&parent=537"}],"curies":[{"name":"wp","href":"https:\/\/api.w.org\/{rel}","templated":true}]}}